{"id":37,"date":"2011-08-05T11:55:26","date_gmt":"2011-08-05T11:55:26","guid":{"rendered":"http:\/\/www.theatredufiguier.com\/?page_id=37"},"modified":"2011-08-05T11:55:26","modified_gmt":"2011-08-05T11:55:26","slug":"revue-de-presse","status":"publish","type":"page","link":"https:\/\/www.theatredufiguier.com\/?page_id=37","title":{"rendered":"Revue de presse"},"content":{"rendered":"<h1>LE REPUBLICAIN. JEUDI 29 JUILLET 2010<\/h1>\n<p><strong>Roland, itin\u00e9raire clownesque et touchant<br \/>\n<\/strong>\u00ab\u00a0Il est venu au ch\u00e2teau de Villandraut ce 24 juillet et a poursuivi sa route le 25 \u00e0 Uzeste. Roland arrive, s\u2019installe, en silence. Fait ses petites affaires. Il s\u2019affaire, boit, m\u00e9lange, reboit\u2026 S\u2019extasie et se met en qu\u00eate. Le Graal, le contenu d\u2019une poubelle, grande poubelle. Il en sort l\u2019usuel, le palpe, le triture, et alors cet usuel prend vie et se mue en \u00eatre\u00a0! \u00ab\u00a0\u2026\u00a0\u00bb<\/p>\n<p><strong>Qu\u00eate d\u2019un ailleurs<br \/>\n<\/strong>Roland est un th\u00e9\u00e2tre d\u2019ext\u00e9rieur, pour tous, clown sensible, certes au nez rouge, mais sans paillettes. Il n\u2019est pas le clown blanc, s\u00e9rieux. Il n\u2019est pas non plus, le criard hurleur. Roland est un peu tout cela, un peu plus, un peu moins. Engonc\u00e9 dans son bleu, un b\u00e9ret riv\u00e9 sur la t\u00eate, Roland nous emporte dans son monde, sa qu\u00eate d\u2019un ailleurs proche et lointain \u00e0 la fois. Petits et grands l\u2019ont suivi avec un grand plaisir. Comme quoi il y a tout un monde dans nos poubelles, nos caniveaux. Certains artistes en ont fait des \u0153uvres \u00e0 part enti\u00e8re. Roland est pass\u00e9 chez nous et bien heureux sont ceux qui ont pu le d\u00e9couvrir. Un grand merci au Th\u00e9\u00e2tre du Figuier et \u00e0 Fabien Lalaux, allias Roland.\u00a0\u00bb<\/p>\n<p style=\"text-align: right;\">J.-L. H.<\/p>\n<p>&nbsp;<\/p>\n","protected":false},"excerpt":{"rendered":"<p>LE REPUBLICAIN. JEUDI 29 JUILLET 2010 Roland, itin&eacute;raire clownesque et touchant &laquo;&nbsp;Il est venu au ch&acirc;teau de Villandraut ce 24 juillet et a poursuivi sa route le 25 &agrave; Uzeste. Roland arrive, s&rsquo;installe, en silence. Fait ses petites affaires. Il s&rsquo;affaire, boit, m&eacute;lange, reboit&hellip; S&rsquo;extasie et se met en qu&ecirc;te. Le Graal, le contenu d&rsquo;une [&hellip;]<\/p>\n","protected":false},"author":1,"featured_media":0,"parent":0,"menu_order":0,"comment_status":"open","ping_status":"open","template":"","meta":{"ngg_post_thumbnail":0,"footnotes":""},"class_list":["post-37","page","type-page","status-publish","hentry"],"_links":{"self":[{"href":"https:\/\/www.theatredufiguier.com\/index.php?rest_route=\/wp\/v2\/pages\/37","targetHints":{"allow":["GET"]}}],"collection":[{"href":"https:\/\/www.theatredufiguier.com\/index.php?rest_route=\/wp\/v2\/pages"}],"about":[{"href":"https:\/\/www.theatredufiguier.com\/index.php?rest_route=\/wp\/v2\/types\/page"}],"author":[{"embeddable":true,"href":"https:\/\/www.theatredufiguier.com\/index.php?rest_route=\/wp\/v2\/users\/1"}],"replies":[{"embeddable":true,"href":"https:\/\/www.theatredufiguier.com\/index.php?rest_route=%2Fwp%2Fv2%2Fcomments&post=37"}],"version-history":[{"count":1,"href":"https:\/\/www.theatredufiguier.com\/index.php?rest_route=\/wp\/v2\/pages\/37\/revisions"}],"predecessor-version":[{"id":38,"href":"https:\/\/www.theatredufiguier.com\/index.php?rest_route=\/wp\/v2\/pages\/37\/revisions\/38"}],"wp:attachment":[{"href":"https:\/\/www.theatredufiguier.com\/index.php?rest_route=%2Fwp%2Fv2%2Fmedia&parent=37"}],"curies":[{"name":"wp","href":"https:\/\/api.w.org\/{rel}","templated":true}]}}