{"id":33,"date":"2011-08-05T11:53:01","date_gmt":"2011-08-05T11:53:01","guid":{"rendered":"http:\/\/www.theatredufiguier.com\/?page_id=33"},"modified":"2011-09-23T13:51:37","modified_gmt":"2011-09-23T13:51:37","slug":"ouvertures%e2%80%a6","status":"publish","type":"page","link":"https:\/\/www.theatredufiguier.com\/?page_id=33","title":{"rendered":"Ouvertures\u2026"},"content":{"rendered":"<p><strong>Au-del\u00e0 du quotidien<\/strong><\/p>\n<p>Trouver la magie du quotidien, voir les choses les plus courantes avec un regard diff\u00e9rent.\u00a0Imaginer au-del\u00e0 de l\u2019apparence. Trouver o\u00f9 se cache l\u2019extraordinaire dans l\u2019objet le plus banal qui soit\u2026 Ces actions nous\u00a0 poussent \u00e0 r\u00e9-enchanter la vie.<\/p>\n<p><strong>Les d\u00e9chets\u00a0: mati\u00e8res \u00e0 r\u00eaves<\/strong><\/p>\n<p>Nos poubelles sont pleines. Nos poubelles d\u00e9bordent. Nous achetons, nous consommons, nous jetons. Nous produisons des d\u00e9chets que nous jetons tout aussit\u00f4t, tous, tous les jours. Il faut g\u00e9rer cette production\u00a0: jeter, collecter, trier, recycler, produire, vendre, acheter, consommer, jeter, collecter, trier\u2026 <strong>Roland<\/strong> est l\u2019un des maillons (comme nous tous) de cette vaste organisation, de ce cycle infernal. Se servir des d\u00e9chets pour qu\u2019ils soient autre chose que ce \u00e0 quoi ils sont destin\u00e9s. En faire une mati\u00e8re po\u00e9tique pour y chercher une lueur de vie\u2026 Les d\u00e9chets trouveront ici une occasion de d\u00e9livrer leurs pouvoirs et leurs \u00e9nigmes.<\/p>\n<p><strong>Un partenaire inattendu\u00a0: M. Grenouille.<\/strong><\/p>\n<p>Il appara\u00eet tel un diable sautant de sa \u00ab\u00a0poubelle\u00a0\u00bb. Mr Grenouille est une marionnette. C\u2019est un compagnon inattendu et fac\u00e9tieux. Il se joue de Roland. Jamais l\u00e0 quand on a besoin de lui mais toujours pr\u00e9sent dans les moments cruciaux.<br \/>\nJusqu\u2019\u00e0\u00a0pr\u00e9sent, Roland faisait face \u00e0 la situation, tant bien que mal. Mr Grenouille surgit comme cela, sans se poser de questions, le plus simplement du monde.<br \/>\nIl est de nature assur\u00e9e, autoritaire. Il bouscule Roland, lui donne m\u00eame des ordres. Mais leur rencontre va \u00e9voluer, va se forger au gr\u00e9 de la situation et se fera plus complice.<br \/>\nCette relation met en lumi\u00e8re une sorte de filiation, \u00e9tablie dans l\u2019instant et provenant des secrets de l\u2019espace et du temps. Fr\u00e8re, guide, sage, ami, p\u00e8re, ange, sorcier\u2026 Mr Grenouille est un peu tout cela \u00e0 la fois. Il fait partie du myst\u00e8re.<\/p>\n<p><strong>Un clown\u00a0: pour quoi faire\u00a0?<\/strong><\/p>\n<p>Pour la qu\u00eate du rire. Pour transporter les spectateurs dans un monde parall\u00e8le enchanteur et po\u00e9tique.<br \/>\nLe clown, c\u2019est ici et maintenant. Il a un contact direct et imm\u00e9diat avec le public. Il ne peut vivre qu\u2019avec et sous le regard des autres.<\/p>\n<p><strong>Roland est clown<\/strong>. Tr\u00e8s vite il est confront\u00e9 \u00e0 une situation inhabituelle. Le fait qu\u2019il soit clown ne change rien et change tout en m\u00eame temps. Comme tout le monde, il va devoir r\u00e9agir face \u00e0 cette situation, mais il va r\u00e9agir en tant que clown. Une entit\u00e9 qui n\u2019a ni auteur ni metteur en sc\u00e8ne. Roland se complaisait dans son r\u00f4le tout trac\u00e9 de balayeur\u00a0; il va devoir r\u00e9pondre \u00e0 l\u2019\u00e9v\u00e8nement, et se faisant, va d\u00e9voiler sa nature humaine profonde. Le clown n\u2019existe pas en dehors de l\u2019acteur qui le joue.<\/p>\n<p style=\"text-align: right;\"><em><strong>Sous Roland, il y a Fabien Lalaux\u2026<\/strong><\/em><\/p>\n","protected":false},"excerpt":{"rendered":"<p>Au-del&agrave; du quotidien Trouver la magie du quotidien, voir les choses les plus courantes avec un regard diff&eacute;rent.&nbsp;Imaginer au-del&agrave; de l&rsquo;apparence. Trouver o&ugrave; se cache l&rsquo;extraordinaire dans l&rsquo;objet le plus banal qui soit&hellip; Ces actions nous&nbsp; poussent &agrave; r&eacute;-enchanter la vie. Les d&eacute;chets&nbsp;: mati&egrave;res &agrave; r&ecirc;ves Nos poubelles sont pleines. Nos poubelles d&eacute;bordent. Nous achetons, [&hellip;]<\/p>\n","protected":false},"author":1,"featured_media":0,"parent":21,"menu_order":0,"comment_status":"open","ping_status":"open","template":"","meta":{"ngg_post_thumbnail":0,"footnotes":""},"class_list":["post-33","page","type-page","status-publish","hentry"],"_links":{"self":[{"href":"https:\/\/www.theatredufiguier.com\/index.php?rest_route=\/wp\/v2\/pages\/33","targetHints":{"allow":["GET"]}}],"collection":[{"href":"https:\/\/www.theatredufiguier.com\/index.php?rest_route=\/wp\/v2\/pages"}],"about":[{"href":"https:\/\/www.theatredufiguier.com\/index.php?rest_route=\/wp\/v2\/types\/page"}],"author":[{"embeddable":true,"href":"https:\/\/www.theatredufiguier.com\/index.php?rest_route=\/wp\/v2\/users\/1"}],"replies":[{"embeddable":true,"href":"https:\/\/www.theatredufiguier.com\/index.php?rest_route=%2Fwp%2Fv2%2Fcomments&post=33"}],"version-history":[{"count":3,"href":"https:\/\/www.theatredufiguier.com\/index.php?rest_route=\/wp\/v2\/pages\/33\/revisions"}],"predecessor-version":[{"id":114,"href":"https:\/\/www.theatredufiguier.com\/index.php?rest_route=\/wp\/v2\/pages\/33\/revisions\/114"}],"up":[{"embeddable":true,"href":"https:\/\/www.theatredufiguier.com\/index.php?rest_route=\/wp\/v2\/pages\/21"}],"wp:attachment":[{"href":"https:\/\/www.theatredufiguier.com\/index.php?rest_route=%2Fwp%2Fv2%2Fmedia&parent=33"}],"curies":[{"name":"wp","href":"https:\/\/api.w.org\/{rel}","templated":true}]}}