{"id":30,"date":"2011-08-05T11:51:34","date_gmt":"2011-08-05T11:51:34","guid":{"rendered":"http:\/\/www.theatredufiguier.com\/?page_id=30"},"modified":"2011-09-23T13:59:28","modified_gmt":"2011-09-23T13:59:28","slug":"quelques-precisions%e2%80%a6","status":"publish","type":"page","link":"https:\/\/www.theatredufiguier.com\/?page_id=30","title":{"rendered":"Quelques pr\u00e9cisions\u2026"},"content":{"rendered":"<p>Roland est une <strong>com\u00e9die clownesque<\/strong>. Nous suivons l\u2019histoire d\u2019un clown confront\u00e9 \u00e0 des bouleversements qui surviennent dans son quotidien et qui vont l\u2019emmener vers l\u2019inesp\u00e9r\u00e9.<\/p>\n<p>C\u2019est un spectacle <strong>tout public<\/strong>. Il est parfaitement adapt\u00e9 \u00e0 un public familial ou \u00e0 des groupes scolaires.<\/p>\n<p>Il est <strong>tout terrain<\/strong>, il peut se jouer en th\u00e9\u00e2tre de rue ou en salle.<\/p>\n<p>C\u2019est un spectacle <strong>de forme l\u00e9g\u00e8re<\/strong>. L\u2019accessoire\/d\u00e9cor se r\u00e9sume \u00e0 un chariot dans lequel <strong>une marionnette<\/strong> et une s\u00e9rie d\u2019objets prennent places.<\/p>\n<p>Les exigences techniques sont restreintes. (T\u00e9l\u00e9charger les fiches techniques)<\/p>\n<p>Ce spectacle est <strong>sans paroles<\/strong> mais n\u2019est pas muet. Onomatop\u00e9es et gromelots sont les seuls textes audibles. Il peut donc \u00eatre pr\u00e9sent\u00e9 partout dans le monde.<\/p>\n<p>C\u2019est un spectacle <strong>interactif<\/strong>. Chaque repr\u00e9sentation est unique car le d\u00e9roulement de l\u2019histoire n\u00e9cessite de nombreux \u00e9changes avec le public. Ces moments sont tr\u00e8s ouverts et m\u00e8nent \u00e0 des sc\u00e8nes improvis\u00e9es.<\/p>\n","protected":false},"excerpt":{"rendered":"<p>Roland est une com&eacute;die clownesque. Nous suivons l&rsquo;histoire d&rsquo;un clown confront&eacute; &agrave; des bouleversements qui surviennent dans son quotidien et qui vont l&rsquo;emmener vers l&rsquo;inesp&eacute;r&eacute;. C&rsquo;est un spectacle tout public. Il est parfaitement adapt&eacute; &agrave; un public familial ou &agrave; des groupes scolaires. Il est tout terrain, il peut se jouer en th&eacute;&acirc;tre de rue [&hellip;]<\/p>\n","protected":false},"author":1,"featured_media":0,"parent":21,"menu_order":0,"comment_status":"open","ping_status":"open","template":"","meta":{"ngg_post_thumbnail":0,"footnotes":""},"class_list":["post-30","page","type-page","status-publish","hentry"],"_links":{"self":[{"href":"https:\/\/www.theatredufiguier.com\/index.php?rest_route=\/wp\/v2\/pages\/30","targetHints":{"allow":["GET"]}}],"collection":[{"href":"https:\/\/www.theatredufiguier.com\/index.php?rest_route=\/wp\/v2\/pages"}],"about":[{"href":"https:\/\/www.theatredufiguier.com\/index.php?rest_route=\/wp\/v2\/types\/page"}],"author":[{"embeddable":true,"href":"https:\/\/www.theatredufiguier.com\/index.php?rest_route=\/wp\/v2\/users\/1"}],"replies":[{"embeddable":true,"href":"https:\/\/www.theatredufiguier.com\/index.php?rest_route=%2Fwp%2Fv2%2Fcomments&post=30"}],"version-history":[{"count":4,"href":"https:\/\/www.theatredufiguier.com\/index.php?rest_route=\/wp\/v2\/pages\/30\/revisions"}],"predecessor-version":[{"id":120,"href":"https:\/\/www.theatredufiguier.com\/index.php?rest_route=\/wp\/v2\/pages\/30\/revisions\/120"}],"up":[{"embeddable":true,"href":"https:\/\/www.theatredufiguier.com\/index.php?rest_route=\/wp\/v2\/pages\/21"}],"wp:attachment":[{"href":"https:\/\/www.theatredufiguier.com\/index.php?rest_route=%2Fwp%2Fv2%2Fmedia&parent=30"}],"curies":[{"name":"wp","href":"https:\/\/api.w.org\/{rel}","templated":true}]}}