{"id":28,"date":"2011-08-05T11:50:47","date_gmt":"2011-08-05T11:50:47","guid":{"rendered":"http:\/\/www.theatredufiguier.com\/?page_id=28"},"modified":"2011-08-05T11:50:47","modified_gmt":"2011-08-05T11:50:47","slug":"resume-enigmatique%e2%80%a6","status":"publish","type":"page","link":"https:\/\/www.theatredufiguier.com\/?page_id=28","title":{"rendered":"R\u00e9sum\u00e9 \u00e9nigmatique\u2026"},"content":{"rendered":"<p>Sur sc\u00e8ne une sorte de chariot, \u00e0 la fois banal et curieux\u2026<\/p>\n<p>Le public vient de s\u2019installer, on aper\u00e7oit un homme, en bleu de travail, poubelle \u00e0 la main. Il ramasse les d\u00e9chets, \u00e9poussette et semble suivre une liste de choses \u00e0 faire\u2026 Sa tenue vestimentaire est des plus banales,\u00a0 mais il a un nez rouge et un reste de maquillage\u2026 Voici Roland\u2026 Il veille \u00e0 la propret\u00e9 des lieux\u2026 dans les moindres d\u00e9tails\u2026 Ici, tout semble en ordre\u00a0: une minute de pause. Roland vaque \u00e0 ses habitudes\u2026 Il trouve un(e)\u2026\u00a0! Premier grain de sable dans cette situation bien r\u00e9gl\u00e9e.<\/p>\n<p>D\u00e9stabilis\u00e9, Roland fait face et tente de r\u00e9soudre le probl\u00e8me au plus vite pour enfin continuer son travail. Mais c\u2019est perdu d\u2019avance, l\u2019inexorable enchainement de l\u2019histoire aura raison de cette liste de t\u00e2ches \u00e0 accomplir\u2026<\/p>\n","protected":false},"excerpt":{"rendered":"<p>Sur sc&egrave;ne une sorte de chariot, &agrave; la fois banal et curieux&hellip; Le public vient de s&rsquo;installer, on aper&ccedil;oit un homme, en bleu de travail, poubelle &agrave; la main. Il ramasse les d&eacute;chets, &eacute;poussette et semble suivre une liste de choses &agrave; faire&hellip; Sa tenue vestimentaire est des plus banales,&nbsp; mais il a un nez [&hellip;]<\/p>\n","protected":false},"author":1,"featured_media":0,"parent":21,"menu_order":0,"comment_status":"open","ping_status":"open","template":"","meta":{"ngg_post_thumbnail":0,"footnotes":""},"class_list":["post-28","page","type-page","status-publish","hentry"],"_links":{"self":[{"href":"https:\/\/www.theatredufiguier.com\/index.php?rest_route=\/wp\/v2\/pages\/28","targetHints":{"allow":["GET"]}}],"collection":[{"href":"https:\/\/www.theatredufiguier.com\/index.php?rest_route=\/wp\/v2\/pages"}],"about":[{"href":"https:\/\/www.theatredufiguier.com\/index.php?rest_route=\/wp\/v2\/types\/page"}],"author":[{"embeddable":true,"href":"https:\/\/www.theatredufiguier.com\/index.php?rest_route=\/wp\/v2\/users\/1"}],"replies":[{"embeddable":true,"href":"https:\/\/www.theatredufiguier.com\/index.php?rest_route=%2Fwp%2Fv2%2Fcomments&post=28"}],"version-history":[{"count":2,"href":"https:\/\/www.theatredufiguier.com\/index.php?rest_route=\/wp\/v2\/pages\/28\/revisions"}],"predecessor-version":[{"id":122,"href":"https:\/\/www.theatredufiguier.com\/index.php?rest_route=\/wp\/v2\/pages\/28\/revisions\/122"}],"up":[{"embeddable":true,"href":"https:\/\/www.theatredufiguier.com\/index.php?rest_route=\/wp\/v2\/pages\/21"}],"wp:attachment":[{"href":"https:\/\/www.theatredufiguier.com\/index.php?rest_route=%2Fwp%2Fv2%2Fmedia&parent=28"}],"curies":[{"name":"wp","href":"https:\/\/api.w.org\/{rel}","templated":true}]}}