{"id":26,"date":"2011-08-05T11:50:14","date_gmt":"2011-08-05T11:50:14","guid":{"rendered":"http:\/\/www.theatredufiguier.com\/?page_id=26"},"modified":"2011-09-23T13:55:30","modified_gmt":"2011-09-23T13:55:30","slug":"premiers-pas-tentatives-reflexions-%e2%80%a6","status":"publish","type":"page","link":"https:\/\/www.theatredufiguier.com\/?page_id=26","title":{"rendered":"Premiers pas &#8211; tentatives &#8211; r\u00e9flexions \u2026"},"content":{"rendered":"<p><strong>Roland<\/strong> est ind\u00e9pendant. Du moins il est libre, dans son cadre, dans son quotidien, dans ses habitudes, dans ses limites. Tout va bien. Mais \u00e7a pourrait aller mieux\u2026<\/p>\n<p><strong><em>Qu\u2019est qui nous fait changer\u00a0?<br \/>\n<\/em><\/strong>Roland ne tient pas trop \u00e0 penser mais il tient \u00e0 faire. Pas plus, pas moins\u2026 Le travail peut \u00eatre reposant. Il n\u2019y a pas de question \u00e0 se poser.<\/p>\n<p><strong><em>Qu\u2019est qui nous permet d\u2019\u00e9voluer et d\u2019avancer\u00a0?<br \/>\n<\/em><\/strong>Il a le temps, mais il est toujours temps d\u2019y aller et de faire son travail.<\/p>\n<p><strong><em>Aller o\u00f9\u00a0? Pour quoi faire\u00a0?<br \/>\n<\/em><\/strong>La poubelle est presque pleine\u2026<\/p>\n<p>M\u00eame si la vie de <strong>Roland<\/strong> semble \u00e9crite, sans surprise, toute trac\u00e9e, il subsiste en lui quelques bribes de fantaisies\u2026 R\u00e9miniscences d\u2019un lointain pass\u00e9\u2026<\/p>\n<p><strong>Roland<\/strong> est clown. Roland est balayeur. <strong>Roland<\/strong> a plus ou moins perdu la parole\u2026<\/p>\n<p><strong><em>D\u2019o\u00f9 vient-il, nul ne le sait, mais chacun imaginera.<\/em><\/strong><\/p>\n<p><strong><em>Imaginer\u00a0?<\/em><\/strong> Roland n\u2019a pas totalement oubli\u00e9\u2026 Et comme par magie le r\u00e9el rejoint l\u2019imaginaire. Plus rien n\u2019est comme d\u2019habitude. Il y a un avant et un apr\u00e8s.<\/p>\n<p style=\"text-align: right;\"><strong><em>A ce moment l\u00e0, tout est possible. Le clown est l\u00e2ch\u00e9\u00a0!<\/em><\/strong><\/p>\n","protected":false},"excerpt":{"rendered":"<p>Roland est ind&eacute;pendant. Du moins il est libre, dans son cadre, dans son quotidien, dans ses habitudes, dans ses limites. Tout va bien. Mais &ccedil;a pourrait aller mieux&hellip; Qu&rsquo;est qui nous fait changer&nbsp;? Roland ne tient pas trop &agrave; penser mais il tient &agrave; faire. Pas plus, pas moins&hellip; Le travail peut &ecirc;tre reposant. Il [&hellip;]<\/p>\n","protected":false},"author":1,"featured_media":0,"parent":21,"menu_order":0,"comment_status":"open","ping_status":"open","template":"","meta":{"ngg_post_thumbnail":0,"footnotes":""},"class_list":["post-26","page","type-page","status-publish","hentry"],"_links":{"self":[{"href":"https:\/\/www.theatredufiguier.com\/index.php?rest_route=\/wp\/v2\/pages\/26","targetHints":{"allow":["GET"]}}],"collection":[{"href":"https:\/\/www.theatredufiguier.com\/index.php?rest_route=\/wp\/v2\/pages"}],"about":[{"href":"https:\/\/www.theatredufiguier.com\/index.php?rest_route=\/wp\/v2\/types\/page"}],"author":[{"embeddable":true,"href":"https:\/\/www.theatredufiguier.com\/index.php?rest_route=\/wp\/v2\/users\/1"}],"replies":[{"embeddable":true,"href":"https:\/\/www.theatredufiguier.com\/index.php?rest_route=%2Fwp%2Fv2%2Fcomments&post=26"}],"version-history":[{"count":3,"href":"https:\/\/www.theatredufiguier.com\/index.php?rest_route=\/wp\/v2\/pages\/26\/revisions"}],"predecessor-version":[{"id":118,"href":"https:\/\/www.theatredufiguier.com\/index.php?rest_route=\/wp\/v2\/pages\/26\/revisions\/118"}],"up":[{"embeddable":true,"href":"https:\/\/www.theatredufiguier.com\/index.php?rest_route=\/wp\/v2\/pages\/21"}],"wp:attachment":[{"href":"https:\/\/www.theatredufiguier.com\/index.php?rest_route=%2Fwp%2Fv2%2Fmedia&parent=26"}],"curies":[{"name":"wp","href":"https:\/\/api.w.org\/{rel}","templated":true}]}}