{"id":21,"date":"2011-08-05T11:47:00","date_gmt":"2011-08-05T11:47:00","guid":{"rendered":"http:\/\/www.theatredufiguier.com\/?page_id=21"},"modified":"2011-08-05T11:47:00","modified_gmt":"2011-08-05T11:47:00","slug":"presentation","status":"publish","type":"page","link":"https:\/\/www.theatredufiguier.com\/?page_id=21","title":{"rendered":"Pr\u00e9sentation"},"content":{"rendered":"<p>Ayant le souci de pr\u00e9server les effets de surprises, le r\u00e9sum\u00e9 et les descriptions qui vont \u00eatre expos\u00e9s, ne divulgueront pas les principaux \u00e9l\u00e9ments de cette com\u00e9die. Que le lecteur ne soit pas surpris par le caract\u00e8re g\u00e9n\u00e9ral et parfois vague de ce qui va suivre. Le but est de lui donner envie d\u2019assister \u00e0 une repr\u00e9sentation de Roland. Alors ne trahissons pas cette attente\u00a0!<\/p>\n","protected":false},"excerpt":{"rendered":"<p>Ayant le souci de pr&eacute;server les effets de surprises, le r&eacute;sum&eacute; et les descriptions qui vont &ecirc;tre expos&eacute;s, ne divulgueront pas les principaux &eacute;l&eacute;ments de cette com&eacute;die. Que le lecteur ne soit pas surpris par le caract&egrave;re g&eacute;n&eacute;ral et parfois vague de ce qui va suivre. Le but est de lui donner envie d&rsquo;assister &agrave; [&hellip;]<\/p>\n","protected":false},"author":1,"featured_media":0,"parent":0,"menu_order":0,"comment_status":"open","ping_status":"open","template":"","meta":{"ngg_post_thumbnail":0,"footnotes":""},"class_list":["post-21","page","type-page","status-publish","hentry"],"_links":{"self":[{"href":"https:\/\/www.theatredufiguier.com\/index.php?rest_route=\/wp\/v2\/pages\/21","targetHints":{"allow":["GET"]}}],"collection":[{"href":"https:\/\/www.theatredufiguier.com\/index.php?rest_route=\/wp\/v2\/pages"}],"about":[{"href":"https:\/\/www.theatredufiguier.com\/index.php?rest_route=\/wp\/v2\/types\/page"}],"author":[{"embeddable":true,"href":"https:\/\/www.theatredufiguier.com\/index.php?rest_route=\/wp\/v2\/users\/1"}],"replies":[{"embeddable":true,"href":"https:\/\/www.theatredufiguier.com\/index.php?rest_route=%2Fwp%2Fv2%2Fcomments&post=21"}],"version-history":[{"count":1,"href":"https:\/\/www.theatredufiguier.com\/index.php?rest_route=\/wp\/v2\/pages\/21\/revisions"}],"predecessor-version":[{"id":22,"href":"https:\/\/www.theatredufiguier.com\/index.php?rest_route=\/wp\/v2\/pages\/21\/revisions\/22"}],"wp:attachment":[{"href":"https:\/\/www.theatredufiguier.com\/index.php?rest_route=%2Fwp%2Fv2%2Fmedia&parent=21"}],"curies":[{"name":"wp","href":"https:\/\/api.w.org\/{rel}","templated":true}]}}