{"id":195,"date":"2011-10-25T15:24:32","date_gmt":"2011-10-25T15:24:32","guid":{"rendered":"http:\/\/www.theatredufiguier.com\/?page_id=195"},"modified":"2011-10-25T19:47:51","modified_gmt":"2011-10-25T17:47:51","slug":"telechargements","status":"publish","type":"page","link":"https:\/\/www.theatredufiguier.com\/?page_id=195","title":{"rendered":"Telechargements"},"content":{"rendered":"<p>Vous trouverez ici diff\u00e9rents documents en rapport avec le spectacle \u00ab\u00a0Roland\u00a0\u00bb \u00e0 t\u00e9l\u00e9charger<\/p>\n<ul>\n<li><a href=\"http:\/\/www.theatredufiguier.com\/wp-content\/uploads\/2011\/10\/roland-dossier-de-presentation.pdf\" target=\"_blank\">Dossier de Pr\u00e9sentation<\/a><\/li>\n<li><a href=\"http:\/\/www.theatredufiguier.com\/wp-content\/uploads\/2011\/10\/plaquette-roland.pdf\" target=\"_blank\">Plaquette<\/a><\/li>\n<li><a href=\"http:\/\/www.theatredufiguier.com\/wp-content\/uploads\/2011\/10\/roland-fiche-technique-salle.pdf\" target=\"_blank\">Fiche technique Salle<\/a><\/li>\n<li><a href=\"http:\/\/www.theatredufiguier.com\/wp-content\/uploads\/2011\/10\/roland-fiche-technique-plein-air.pdf\" target=\"_blank\">Fiche technique Plein air<\/a><\/li>\n<\/ul>\n","protected":false},"excerpt":{"rendered":"<p>Vous trouverez ici diff&eacute;rents documents en rapport avec le spectacle &laquo;&nbsp;Roland&nbsp;&raquo; &agrave; t&eacute;l&eacute;charger Dossier de Pr&eacute;sentation Plaquette Fiche technique Salle Fiche technique Plein air<\/p>\n","protected":false},"author":1,"featured_media":0,"parent":21,"menu_order":0,"comment_status":"closed","ping_status":"open","template":"","meta":{"ngg_post_thumbnail":0,"footnotes":""},"class_list":["post-195","page","type-page","status-publish","hentry"],"_links":{"self":[{"href":"https:\/\/www.theatredufiguier.com\/index.php?rest_route=\/wp\/v2\/pages\/195","targetHints":{"allow":["GET"]}}],"collection":[{"href":"https:\/\/www.theatredufiguier.com\/index.php?rest_route=\/wp\/v2\/pages"}],"about":[{"href":"https:\/\/www.theatredufiguier.com\/index.php?rest_route=\/wp\/v2\/types\/page"}],"author":[{"embeddable":true,"href":"https:\/\/www.theatredufiguier.com\/index.php?rest_route=\/wp\/v2\/users\/1"}],"replies":[{"embeddable":true,"href":"https:\/\/www.theatredufiguier.com\/index.php?rest_route=%2Fwp%2Fv2%2Fcomments&post=195"}],"version-history":[{"count":8,"href":"https:\/\/www.theatredufiguier.com\/index.php?rest_route=\/wp\/v2\/pages\/195\/revisions"}],"predecessor-version":[{"id":199,"href":"https:\/\/www.theatredufiguier.com\/index.php?rest_route=\/wp\/v2\/pages\/195\/revisions\/199"}],"up":[{"embeddable":true,"href":"https:\/\/www.theatredufiguier.com\/index.php?rest_route=\/wp\/v2\/pages\/21"}],"wp:attachment":[{"href":"https:\/\/www.theatredufiguier.com\/index.php?rest_route=%2Fwp%2Fv2%2Fmedia&parent=195"}],"curies":[{"name":"wp","href":"https:\/\/api.w.org\/{rel}","templated":true}]}}