{"id":148,"date":"2011-09-23T16:30:47","date_gmt":"2011-09-23T16:30:47","guid":{"rendered":"http:\/\/www.theatredufiguier.com\/?page_id=148"},"modified":"2026-01-22T11:56:00","modified_gmt":"2026-01-22T10:56:00","slug":"le-theatre-du-figuier","status":"publish","type":"page","link":"https:\/\/www.theatredufiguier.com\/?page_id=148","title":{"rendered":"Le Th\u00e9\u00e2tre du Figuier"},"content":{"rendered":"<p>Le Th\u00e9\u00e2tre du Figuier est une compagnie professionnelle n\u00e9e en 2010. <br>Notre premi\u00e8re cr\u00e9ation est une com\u00e9die clownesque intitul\u00e9e ROLAND. &nbsp;Ce spectacle tr\u00e8s po\u00e9tique est toujours en tourn\u00e9e. Nous avons &nbsp;le d\u00e9sir permanent de l&rsquo;am\u00e9liorer, de l&rsquo;enrichir, de le faire vivre!<br>Nous sommes heureux de vous pr\u00e9senter notre nouvelle cr\u00e9ation, L&rsquo;ENFANT QUI VOULAIT \u00caTRE PETIT PRINCE.<\/p>\n<p>Nous voulons faire conna\u00eetre ces cr\u00e9ation. Le site que vous allez parcourir va vous permettre d\u2019en savoir davantage.<br>Bonne visite !<\/p>\n\n\n<div data-wp-interactive=\"core\/file\" class=\"wp-block-file\"><object data-wp-bind--hidden=\"!state.hasPdfPreview\" hidden class=\"wp-block-file__embed\" data=\"https:\/\/www.theatredufiguier.com\/wp-content\/uploads\/2026\/01\/Dossier-22Lenfant-qui-voulait-etre-petit-prince22-1.pdf\" type=\"application\/pdf\" style=\"width:100%;height:600px\" aria-label=\"Contenu embarqu\u00e9 Dossier %22L&apos;enfant qui voulait \u00eatre petit prince%22.\"><\/object><a id=\"wp-block-file--media-3a3296e2-3a15-481c-be7a-9faa7d0b8463\" href=\"https:\/\/www.theatredufiguier.com\/wp-content\/uploads\/2026\/01\/Dossier-22Lenfant-qui-voulait-etre-petit-prince22-1.pdf\">Dossier %22L&rsquo;enfant qui voulait \u00eatre petit prince%22<\/a><a href=\"https:\/\/www.theatredufiguier.com\/wp-content\/uploads\/2026\/01\/Dossier-22Lenfant-qui-voulait-etre-petit-prince22-1.pdf\" class=\"wp-block-file__button wp-element-button\" download aria-describedby=\"wp-block-file--media-3a3296e2-3a15-481c-be7a-9faa7d0b8463\">T\u00e9l\u00e9charger<\/a><\/div>\n\n\n\n<figure class=\"wp-block-video\"><video height=\"1080\" style=\"aspect-ratio: 1920 \/ 1080;\" width=\"1920\" controls src=\"https:\/\/www.theatredufiguier.com\/wp-content\/uploads\/2026\/01\/Teaser-Lenfant-qui-voulait-etre-petit-prince-TDF-1.mov\"><\/video><\/figure>\n","protected":false},"excerpt":{"rendered":"<p>Le Th&eacute;&acirc;tre du Figuier est une compagnie professionnelle n&eacute;e en 2010. Notre premi&egrave;re cr&eacute;ation est une com&eacute;die clownesque intitul&eacute;e ROLAND. &nbsp;Ce spectacle tr&egrave;s po&eacute;tique est toujours en tourn&eacute;e. Nous avons &nbsp;le d&eacute;sir permanent de l&rsquo;am&eacute;liorer, de l&rsquo;enrichir, de le faire vivre!Nous sommes heureux de vous pr&eacute;senter notre nouvelle cr&eacute;ation, L&rsquo;ENFANT QUI VOULAIT &Ecirc;TRE PETIT PRINCE. [&hellip;]<\/p>\n","protected":false},"author":1,"featured_media":0,"parent":0,"menu_order":0,"comment_status":"closed","ping_status":"open","template":"","meta":{"ngg_post_thumbnail":0,"footnotes":""},"class_list":["post-148","page","type-page","status-publish","hentry"],"_links":{"self":[{"href":"https:\/\/www.theatredufiguier.com\/index.php?rest_route=\/wp\/v2\/pages\/148","targetHints":{"allow":["GET"]}}],"collection":[{"href":"https:\/\/www.theatredufiguier.com\/index.php?rest_route=\/wp\/v2\/pages"}],"about":[{"href":"https:\/\/www.theatredufiguier.com\/index.php?rest_route=\/wp\/v2\/types\/page"}],"author":[{"embeddable":true,"href":"https:\/\/www.theatredufiguier.com\/index.php?rest_route=\/wp\/v2\/users\/1"}],"replies":[{"embeddable":true,"href":"https:\/\/www.theatredufiguier.com\/index.php?rest_route=%2Fwp%2Fv2%2Fcomments&post=148"}],"version-history":[{"count":6,"href":"https:\/\/www.theatredufiguier.com\/index.php?rest_route=\/wp\/v2\/pages\/148\/revisions"}],"predecessor-version":[{"id":369,"href":"https:\/\/www.theatredufiguier.com\/index.php?rest_route=\/wp\/v2\/pages\/148\/revisions\/369"}],"wp:attachment":[{"href":"https:\/\/www.theatredufiguier.com\/index.php?rest_route=%2Fwp%2Fv2%2Fmedia&parent=148"}],"curies":[{"name":"wp","href":"https:\/\/api.w.org\/{rel}","templated":true}]}}