{"id":10,"date":"2011-08-05T11:39:00","date_gmt":"2011-08-05T11:39:00","guid":{"rendered":"http:\/\/www.theatredufiguier.com\/?page_id=10"},"modified":"2011-08-05T11:39:00","modified_gmt":"2011-08-05T11:39:00","slug":"conditions-representation-en-exterieur","status":"publish","type":"page","link":"https:\/\/www.theatredufiguier.com\/?page_id=10","title":{"rendered":"Conditions repr\u00e9sentation en ext\u00e9rieur"},"content":{"rendered":"<p>Lieu du spectacle<\/p>\n<p>Il est essentiel que le spectacle ait lieu dans un endroit o\u00f9 rien ne vient troubler l\u2019attention du public.<\/p>\n<h1>Espace spectateur<\/h1>\n<p>Le rapport sc\u00e8ne\/public recherch\u00e9 est la proximit\u00e9. Le public sera plac\u00e9 face \u00e0 la sc\u00e8ne, avec, de pr\u00e9f\u00e9rence, un l\u00e9ger arc de cercle.<br \/>\nLa jauge recommand\u00e9e est fonction de : la proximit\u00e9 recherch\u00e9e, de la pr\u00e9sence \u00e9ventuel d\u2019un gradin, d\u2019une sc\u00e8ne sur\u00e9lev\u00e9 ou non.<br \/>\nA titre d\u2019exemple :<\/p>\n<ul>\n<li>Si l\u2019espace sc\u00e9nique et l\u2019espace spectateur sont sur le m\u00eame plan : la jauge \u00ab de confort \u00bb se situe autour de 150 personnes.<\/li>\n<li>S\u2019il n\u2019y a pas de sc\u00e8ne sur\u00e9lev\u00e9e et que le public est sur des gradins, la jauge \u00ab de confort \u00bb se situe autour de 300 personnes.<\/li>\n<\/ul>\n<p>Dans tous les cas, une grande facilit\u00e9 de passage est indispensable entre l\u2019espace spectateur et l\u2019espace sc\u00e9nique, en raison des nombreuses interventions de Roland dans le public.<\/p>\n<h1>Espace sc\u00e9nique<\/h1>\n<p>Les dimensions minimum de l\u2019espace sc\u00e9nique sont :<br \/>\n6 m\u00e8tres d\u2019ouverture pour 5 m\u00e8tres de profondeur.<br \/>\nPas de sonorisation requise.<\/p>\n<h1>Eclairage<\/h1>\n<p>Une ambiance chaude de plein feu est recommand\u00e9e. L\u2019espace spectateur doit \u00eatre l\u00e9g\u00e8rement \u00e9clair\u00e9 durant toute la repr\u00e9sentation.<\/p>\n<h1>Montage<\/h1>\n<p>Un chariot constitue le d\u00e9cor de Roland.Le com\u00e9dien arrive sur les lieux de la repr\u00e9sentation avec le chariot d\u00e9mont\u00e9 dans sa voiture. Le com\u00e9dien est autonome pour le montage du chariot.\u00a0Le montage et la pr\u00e9paration du chariot est de 1h30.\u00a0Ce montage peut se faire sur l\u2019espace sc\u00e9nique ou dans tout autre endroit, pourvu qu\u2019il se fasse \u00e0 l\u2019abri de tous regards des futurs spectateurs. Dans ce dernier cas, le temps d\u2019installation sur la sc\u00e8ne est de 10 minutes.<\/p>\n<h1>Temps de pr\u00e9paration en loge<\/h1>\n<p>Le com\u00e9dien a besoin de 30mn pour s\u2019habiller, se maquiller et s\u2019\u00e9chauffer.<\/p>\n<h1>Le d\u00e9but du spectacle<\/h1>\n<p>Lorsque que le public s\u2019installe, la sc\u00e8ne est occup\u00e9e par le chariot et deux b\u00e2tons pos\u00e9s au sol.<br \/>\nQuand le public est en place et qu\u2019il est l\u2019heure de commencer la repr\u00e9sentation, une personne organisatrice vient pr\u00e9venir le com\u00e9dien.<br \/>\nRoland arrive dans le dos des spectateurs et joue d\u2019abord au milieu d\u2019eux.<br \/>\nPour permettre ce d\u00e9but, il est souhaitable que la loge soit install\u00e9e \u00e0 l\u2019arri\u00e8re du public. Si cela n\u2019est pas possible, le com\u00e9dien s\u2019adaptera.<\/p>\n<h1>D\u00e9montage<\/h1>\n<p>Il faut 10 minutes maximum pour que le com\u00e9dien range ses accessoires dans le chariot et d\u00e9place le tout \u00e0 l\u2019air de d\u00e9montage pr\u00e9vu.<br \/>\nIl a besoin de 1h30 pour se d\u00e9maquiller, se changer, d\u00e9monter et charger tout le mat\u00e9riel dans sa voiture.<\/p>\n<p><em>Si un ou plusieurs \u00e9l\u00e9ments de cette fiche technique semblent compromis ou vous posent questions, n\u2019h\u00e9sitez pas \u00e0 contacter la compagnie au 06 19 65 57 75, pour que nous trouvions ensemble la ou les meilleures solutions.<\/em><\/p>\n","protected":false},"excerpt":{"rendered":"<p>Lieu du spectacle Il est essentiel que le spectacle ait lieu dans un endroit o&ugrave; rien ne vient troubler l&rsquo;attention du public. Espace spectateur Le rapport sc&egrave;ne\/public recherch&eacute; est la proximit&eacute;. Le public sera plac&eacute; face &agrave; la sc&egrave;ne, avec, de pr&eacute;f&eacute;rence, un l&eacute;ger arc de cercle. La jauge recommand&eacute;e est fonction de : la [&hellip;]<\/p>\n","protected":false},"author":1,"featured_media":0,"parent":4,"menu_order":0,"comment_status":"open","ping_status":"open","template":"","meta":{"ngg_post_thumbnail":0,"footnotes":""},"class_list":["post-10","page","type-page","status-publish","hentry"],"_links":{"self":[{"href":"https:\/\/www.theatredufiguier.com\/index.php?rest_route=\/wp\/v2\/pages\/10","targetHints":{"allow":["GET"]}}],"collection":[{"href":"https:\/\/www.theatredufiguier.com\/index.php?rest_route=\/wp\/v2\/pages"}],"about":[{"href":"https:\/\/www.theatredufiguier.com\/index.php?rest_route=\/wp\/v2\/types\/page"}],"author":[{"embeddable":true,"href":"https:\/\/www.theatredufiguier.com\/index.php?rest_route=\/wp\/v2\/users\/1"}],"replies":[{"embeddable":true,"href":"https:\/\/www.theatredufiguier.com\/index.php?rest_route=%2Fwp%2Fv2%2Fcomments&post=10"}],"version-history":[{"count":3,"href":"https:\/\/www.theatredufiguier.com\/index.php?rest_route=\/wp\/v2\/pages\/10\/revisions"}],"predecessor-version":[{"id":15,"href":"https:\/\/www.theatredufiguier.com\/index.php?rest_route=\/wp\/v2\/pages\/10\/revisions\/15"}],"up":[{"embeddable":true,"href":"https:\/\/www.theatredufiguier.com\/index.php?rest_route=\/wp\/v2\/pages\/4"}],"wp:attachment":[{"href":"https:\/\/www.theatredufiguier.com\/index.php?rest_route=%2Fwp%2Fv2%2Fmedia&parent=10"}],"curies":[{"name":"wp","href":"https:\/\/api.w.org\/{rel}","templated":true}]}}