{"id":158,"date":"2011-09-26T18:38:25","date_gmt":"2011-09-26T18:38:25","guid":{"rendered":"http:\/\/www.theatredufiguier.com\/?page_id=158"},"modified":"2011-10-07T09:54:50","modified_gmt":"2011-10-07T09:54:50","slug":"quelques-precisions","status":"publish","type":"page","link":"http:\/\/www.theatredufiguier.com\/?page_id=158","title":{"rendered":"Quelques pr\u00e9cisions&#8230;"},"content":{"rendered":"<div>\n<p id=\"internal-source-marker_0.6281165105756372\" dir=\"ltr\">Roland est une <strong>com\u00e9die clownesque<\/strong>. Nous suivons l\u2019histoire d\u2019un clown confront\u00e9 \u00e0 des bouleversements qui surviennent dans son quotidien et qui vont l\u2019emmener vers l\u2019inesp\u00e9r\u00e9.<\/p>\n<p dir=\"ltr\">C\u2019est un spectacle <strong>tout public<\/strong>.<\/p>\n<p dir=\"ltr\">Il est <strong>tout terrain<\/strong>, il peut se jouer en th\u00e9\u00e2tre de rue ou en salle.<\/p>\n<p dir=\"ltr\">C\u2019est un spectacle de <strong>forme l\u00e9g\u00e8re<\/strong>. L\u2019accessoire\/d\u00e9cor se r\u00e9sume \u00e0 un chariot dans lequel <strong>une marionnette<\/strong> et une s\u00e9rie d\u2019objets prennent place.<\/p>\n<p dir=\"ltr\">Les exigences techniques sont restreintes. (<a href=\"http:\/\/www.theatredfiguier.com\/#\" target=\"_blank\">T\u00e9l\u00e9charger les fiches techniques<\/a>)<\/p>\n<p dir=\"ltr\">Ce spectacle est <strong>sans paroles ou presque<\/strong>, mais n\u2019est pas muet. Onomatop\u00e9es, gromelots et mots \u00e9parpill\u00e9s sont les seuls textes audibles.<\/p>\n<p dir=\"ltr\">Chaque repr\u00e9sentation est unique car le d\u00e9roulement de l\u2019histoire n\u00e9cessite de nombreux \u00e9changes avec le public. Ces moments sont tr\u00e8s ouverts et m\u00e8nent \u00e0 <strong>des sc\u00e8nes improvis\u00e9es<\/strong>.<\/p>\n<\/div>\n","protected":false},"excerpt":{"rendered":"<p>Roland est une com&eacute;die clownesque. Nous suivons l&rsquo;histoire d&rsquo;un clown confront&eacute; &agrave; des bouleversements qui surviennent dans son quotidien et qui vont l&rsquo;emmener vers l&rsquo;inesp&eacute;r&eacute;. C&rsquo;est un spectacle tout public. Il est tout terrain, il peut se jouer en th&eacute;&acirc;tre de rue ou en salle. C&rsquo;est un spectacle de forme l&eacute;g&egrave;re. L&rsquo;accessoire\/d&eacute;cor se r&eacute;sume &agrave; [&hellip;]<\/p>\n","protected":false},"author":2,"featured_media":0,"parent":0,"menu_order":0,"comment_status":"closed","ping_status":"open","template":"","meta":{"ngg_post_thumbnail":0,"footnotes":""},"class_list":["post-158","page","type-page","status-publish","hentry"],"_links":{"self":[{"href":"http:\/\/www.theatredufiguier.com\/index.php?rest_route=\/wp\/v2\/pages\/158","targetHints":{"allow":["GET"]}}],"collection":[{"href":"http:\/\/www.theatredufiguier.com\/index.php?rest_route=\/wp\/v2\/pages"}],"about":[{"href":"http:\/\/www.theatredufiguier.com\/index.php?rest_route=\/wp\/v2\/types\/page"}],"author":[{"embeddable":true,"href":"http:\/\/www.theatredufiguier.com\/index.php?rest_route=\/wp\/v2\/users\/2"}],"replies":[{"embeddable":true,"href":"http:\/\/www.theatredufiguier.com\/index.php?rest_route=%2Fwp%2Fv2%2Fcomments&post=158"}],"version-history":[{"count":5,"href":"http:\/\/www.theatredufiguier.com\/index.php?rest_route=\/wp\/v2\/pages\/158\/revisions"}],"predecessor-version":[{"id":161,"href":"http:\/\/www.theatredufiguier.com\/index.php?rest_route=\/wp\/v2\/pages\/158\/revisions\/161"}],"wp:attachment":[{"href":"http:\/\/www.theatredufiguier.com\/index.php?rest_route=%2Fwp%2Fv2%2Fmedia&parent=158"}],"curies":[{"name":"wp","href":"https:\/\/api.w.org\/{rel}","templated":true}]}}